{"id":633,"date":"2015-03-06T13:59:27","date_gmt":"2015-03-06T16:59:27","guid":{"rendered":"http:\/\/sinpro-al.com.br\/v2\/?page_id=633"},"modified":"2019-08-29T13:47:34","modified_gmt":"2019-08-29T16:47:34","slug":"estatuto-do-sinpro-al","status":"publish","type":"page","link":"http:\/\/sinpro-al.com.br\/v2\/?page_id=633","title":{"rendered":"Estatuto e atas"},"content":{"rendered":"<ul>\n<li><a href=\"http:\/\/sinpro-al.com.br\/documentos\/ESTATUTO-SINPRO-AL.pdf\" target=\"_blank\" rel=\"noopener noreferrer\">Estatuto do Sinpro-AL<\/a><\/li>\n<li><a href=\"http:\/\/sinpro-al.com.br\/documentos\/ATAdePOSSE.SINPRO-AL.2015.pdf\">Ata de posse 2015<\/a><\/li>\n<li><a href=\"http:\/\/sinpro-al.com.br\/documentos\/ATAdeELEICAOeAPURACAO.SINPRO-AL.2015.pdf\" target=\"_blank\" rel=\"noopener noreferrer\">Ata de elei\u00e7\u00e3o e apura\u00e7\u00e3o 2015<\/a><\/li>\n<li><a href=\"http:\/\/sinpro-al.com.br\/v2\/wp-content\/uploads\/2019\/08\/Ata-de-Elei\u00e7\u00e3o-e-Apura\u00e7\u00e3o-2019.pdf\">Ata de Elei\u00e7\u00e3o e Apura\u00e7\u00e3o 2019<\/a><\/li>\n<li><a href=\"http:\/\/sinpro-al.com.br\/v2\/wp-content\/uploads\/2019\/08\/Ata-de-Posse-2019-2023.pdf\">Ata de Posse 2019-2023<\/a><\/li>\n<\/ul>\n","protected":false},"excerpt":{"rendered":"<p>Estatuto do Sinpro-AL Ata de posse 2015 Ata de elei\u00e7\u00e3o e apura\u00e7\u00e3o 2015 Ata de Elei\u00e7\u00e3o e Apura\u00e7\u00e3o 2019 Ata de Posse 2019-2023<\/p>\n","protected":false},"author":4,"featured_media":0,"parent":120,"menu_order":0,"comment_status":"open","ping_status":"open","template":"","meta":{"footnotes":""},"class_list":["post-633","page","type-page","status-publish","hentry"],"_links":{"self":[{"href":"http:\/\/sinpro-al.com.br\/v2\/index.php?rest_route=\/wp\/v2\/pages\/633","targetHints":{"allow":["GET"]}}],"collection":[{"href":"http:\/\/sinpro-al.com.br\/v2\/index.php?rest_route=\/wp\/v2\/pages"}],"about":[{"href":"http:\/\/sinpro-al.com.br\/v2\/index.php?rest_route=\/wp\/v2\/types\/page"}],"author":[{"embeddable":true,"href":"http:\/\/sinpro-al.com.br\/v2\/index.php?rest_route=\/wp\/v2\/users\/4"}],"replies":[{"embeddable":true,"href":"http:\/\/sinpro-al.com.br\/v2\/index.php?rest_route=%2Fwp%2Fv2%2Fcomments&post=633"}],"version-history":[{"count":3,"href":"http:\/\/sinpro-al.com.br\/v2\/index.php?rest_route=\/wp\/v2\/pages\/633\/revisions"}],"predecessor-version":[{"id":5523,"href":"http:\/\/sinpro-al.com.br\/v2\/index.php?rest_route=\/wp\/v2\/pages\/633\/revisions\/5523"}],"up":[{"embeddable":true,"href":"http:\/\/sinpro-al.com.br\/v2\/index.php?rest_route=\/wp\/v2\/pages\/120"}],"wp:attachment":[{"href":"http:\/\/sinpro-al.com.br\/v2\/index.php?rest_route=%2Fwp%2Fv2%2Fmedia&parent=633"}],"curies":[{"name":"wp","href":"https:\/\/api.w.org\/{rel}","templated":true}]}}