{"id":30,"date":"2013-08-12T17:46:17","date_gmt":"2013-08-12T20:46:17","guid":{"rendered":"http:\/\/sinpro-al.com.br\/v2\/?page_id=30"},"modified":"2013-10-18T13:22:42","modified_gmt":"2013-10-18T16:22:42","slug":"quem-somos","status":"publish","type":"page","link":"http:\/\/sinpro-al.com.br\/v2\/?page_id=30","title":{"rendered":"Quem somos"},"content":{"rendered":"<p>O SINPRO\/AL funciona como defensor da categoria privilegiada que \u00e9 o sacerd\u00f3cio de ensinar a quem n\u00e3o sabe, n\u00e3o podendo compactuar com incoer\u00eancias que existem em determinadas escolas. Temos comprovado a realidade de escolas e cursos que a bel prazer, funcionam sem condi\u00e7\u00f5es alguma ou nenhuma: tratando o professor como uma m\u00e1quina e quando questionamos sobre sal\u00e1rio, carteira profissional e outros direitos, a resposta que obtemos do diretor que se diz patr\u00e3o e \u00e0s vezes do contador o seguinte: A Escola n\u00e3o \u00e9 registrada! Que pena j\u00e1 devia estar fechada!<\/p>\n<p>Essas pessoas tratam a Educa\u00e7\u00e3o como coisa, vez que a Educa\u00e7\u00e3o \u00e9 responsabilidade de todos e n\u00e3o de qualquer pessoa incoerente. O SINPRO\/AL funciona como defensor ardoroso da categoria e vem atrav\u00e9s do nosso SITE, esclarecer \u00e0 sociedade que est\u00e1 investigando de perto qualquer abuso ou incoer\u00eancia das escolas e cursos do nosso Estado. Temos certeza que o problema da Educa\u00e7\u00e3o s\u00f3 vai ser resolvido se encararmos de frente com responsabilidade, est\u00e1 que cabe a todos n\u00f3s.<\/p>\n<p>De nada adianta criarmos estrat\u00e9gias para fugir de uma realidade cristalina e nem chamar para si uma responsabilidade e nada fazer, pois sempre fora de cima para baixo.<\/p>\n<p>A Educa\u00e7\u00e3o \u00e9 coisa s\u00e9ria, e s\u00f3 com seriedade se resolve! Por esse motivo, o SINPRO\/AL est\u00e1 de olho nessas escolas nocivas juntamente com a sociedade e a nossa categoria. \u00c9 assim que funciona o SINPRO\/AL.<\/p>\n","protected":false},"excerpt":{"rendered":"<p>O SINPRO\/AL funciona como defensor da categoria privilegiada que \u00e9 o sacerd\u00f3cio de ensinar a quem n\u00e3o sabe, n\u00e3o podendo compactuar com incoer\u00eancias que existem em determinadas escolas. Temos comprovado a realidade de escolas e cursos que a bel prazer, funcionam sem condi\u00e7\u00f5es alguma ou nenhuma: tratando o professor como uma m\u00e1quina e quando questionamos [&hellip;]<\/p>\n","protected":false},"author":1,"featured_media":0,"parent":41,"menu_order":0,"comment_status":"open","ping_status":"open","template":"onecolumn-page.php","meta":{"footnotes":""},"class_list":["post-30","page","type-page","status-publish","hentry"],"_links":{"self":[{"href":"http:\/\/sinpro-al.com.br\/v2\/index.php?rest_route=\/wp\/v2\/pages\/30","targetHints":{"allow":["GET"]}}],"collection":[{"href":"http:\/\/sinpro-al.com.br\/v2\/index.php?rest_route=\/wp\/v2\/pages"}],"about":[{"href":"http:\/\/sinpro-al.com.br\/v2\/index.php?rest_route=\/wp\/v2\/types\/page"}],"author":[{"embeddable":true,"href":"http:\/\/sinpro-al.com.br\/v2\/index.php?rest_route=\/wp\/v2\/users\/1"}],"replies":[{"embeddable":true,"href":"http:\/\/sinpro-al.com.br\/v2\/index.php?rest_route=%2Fwp%2Fv2%2Fcomments&post=30"}],"version-history":[{"count":1,"href":"http:\/\/sinpro-al.com.br\/v2\/index.php?rest_route=\/wp\/v2\/pages\/30\/revisions"}],"predecessor-version":[{"id":31,"href":"http:\/\/sinpro-al.com.br\/v2\/index.php?rest_route=\/wp\/v2\/pages\/30\/revisions\/31"}],"up":[{"embeddable":true,"href":"http:\/\/sinpro-al.com.br\/v2\/index.php?rest_route=\/wp\/v2\/pages\/41"}],"wp:attachment":[{"href":"http:\/\/sinpro-al.com.br\/v2\/index.php?rest_route=%2Fwp%2Fv2%2Fmedia&parent=30"}],"curies":[{"name":"wp","href":"https:\/\/api.w.org\/{rel}","templated":true}]}}