{"id":123,"date":"2013-10-18T13:39:17","date_gmt":"2013-10-18T16:39:17","guid":{"rendered":"http:\/\/sinpro-al.com.br\/v2\/?page_id=123"},"modified":"2013-10-18T13:40:57","modified_gmt":"2013-10-18T16:40:57","slug":"servicos","status":"publish","type":"page","link":"http:\/\/sinpro-al.com.br\/v2\/?page_id=123","title":{"rendered":"Servi\u00e7os"},"content":{"rendered":"<p>1 &#8211; Atendimento jur\u00eddico<\/p>\n<p>2 &#8211; Homologa\u00e7\u00e3o TRCT<\/p>\n<p>3 &#8211; Ajuizamento de a\u00e7\u00f5es<\/p>\n<p>4 &#8211; Acompanhamento de processos<\/p>\n<p>5 &#8211; Atendimento administrativo<\/p>\n<p>6 &#8211; Firma\u00e7\u00e3o de conv\u00eanios<\/p>\n<p>7 &#8211; Emiss\u00e3o de declara\u00e7\u00e3o<\/p>\n<p>8 &#8211; Processo de sindicaliza\u00e7\u00e3o<\/p>\n<p>9 &#8211; Disque-den\u00fancia<\/p>\n<p>10 &#8211; Informa\u00e7\u00f5es de conv\u00eanios<\/p>\n<p>11 &#8211; Informar as viola\u00e7\u00f5es dos direitos dos professores \u00e0 Procuradoria Regional do Trabalha (Minist\u00e9rio P\u00fablico) e\u00a0 Delegacia Regional do Trabalho (DRT) atrav\u00e9s de representa\u00e7\u00e3o<\/p>\n<p>12 &#8211; Negocia\u00e7\u00e3o da Conven\u00e7\u00e3o Coletiva<\/p>\n","protected":false},"excerpt":{"rendered":"<p>1 &#8211; Atendimento jur\u00eddico 2 &#8211; Homologa\u00e7\u00e3o TRCT 3 &#8211; Ajuizamento de a\u00e7\u00f5es 4 &#8211; Acompanhamento de processos 5 &#8211; Atendimento administrativo 6 &#8211; Firma\u00e7\u00e3o de conv\u00eanios 7 &#8211; Emiss\u00e3o de declara\u00e7\u00e3o 8 &#8211; Processo de sindicaliza\u00e7\u00e3o 9 &#8211; Disque-den\u00fancia 10 &#8211; Informa\u00e7\u00f5es de conv\u00eanios 11 &#8211; Informar as viola\u00e7\u00f5es dos direitos dos professores \u00e0 [&hellip;]<\/p>\n","protected":false},"author":1,"featured_media":0,"parent":0,"menu_order":5,"comment_status":"open","ping_status":"open","template":"onecolumn-page.php","meta":{"footnotes":""},"class_list":["post-123","page","type-page","status-publish","hentry"],"_links":{"self":[{"href":"http:\/\/sinpro-al.com.br\/v2\/index.php?rest_route=\/wp\/v2\/pages\/123","targetHints":{"allow":["GET"]}}],"collection":[{"href":"http:\/\/sinpro-al.com.br\/v2\/index.php?rest_route=\/wp\/v2\/pages"}],"about":[{"href":"http:\/\/sinpro-al.com.br\/v2\/index.php?rest_route=\/wp\/v2\/types\/page"}],"author":[{"embeddable":true,"href":"http:\/\/sinpro-al.com.br\/v2\/index.php?rest_route=\/wp\/v2\/users\/1"}],"replies":[{"embeddable":true,"href":"http:\/\/sinpro-al.com.br\/v2\/index.php?rest_route=%2Fwp%2Fv2%2Fcomments&post=123"}],"version-history":[{"count":1,"href":"http:\/\/sinpro-al.com.br\/v2\/index.php?rest_route=\/wp\/v2\/pages\/123\/revisions"}],"predecessor-version":[{"id":124,"href":"http:\/\/sinpro-al.com.br\/v2\/index.php?rest_route=\/wp\/v2\/pages\/123\/revisions\/124"}],"wp:attachment":[{"href":"http:\/\/sinpro-al.com.br\/v2\/index.php?rest_route=%2Fwp%2Fv2%2Fmedia&parent=123"}],"curies":[{"name":"wp","href":"https:\/\/api.w.org\/{rel}","templated":true}]}}