{"id":118,"date":"2013-10-18T13:31:37","date_gmt":"2013-10-18T16:31:37","guid":{"rendered":"http:\/\/sinpro-al.com.br\/v2\/?page_id=118"},"modified":"2025-05-16T10:29:49","modified_gmt":"2025-05-16T13:29:49","slug":"convencoes-coletivas","status":"publish","type":"page","link":"http:\/\/sinpro-al.com.br\/v2\/?page_id=118","title":{"rendered":"Conven\u00e7\u00f5es coletivas"},"content":{"rendered":"<ul>\n<li><a href=\"http:\/\/sinpro-al.com.br\/convencoes\/CONVENCAOCOLETIVA2013-2015.pdf\">Conven\u00e7\u00e3o coletiva de trabalho 2013-2015<\/a><\/li>\n<li><a href=\"http:\/\/sinpro-al.com.br\/convencoes\/Convencao2014-2016-EnsinoSuperior.pdf\">Conven\u00e7\u00e3o N\u00edvel Superior 2014-2016<\/a><\/li>\n<li><a href=\"http:\/\/sinpro-al.com.br\/convencoes\/CONVENCAO_COLETIVA_2016-2018.pdf\">Conven\u00e7\u00e3o N\u00edvel Superior 2016-2018<\/a><\/li>\n<li><a href=\"http:\/\/sinpro-al.com.br\/v2\/wp-content\/uploads\/2017\/06\/SINEPE_BASICO_2015-2017.pdf\">Conven\u00e7\u00e3o SINEPE B\u00e1sico 2015-2017<\/a><\/li>\n<li><a href=\"http:\/\/sinpro-al.com.br\/v2\/wp-content\/uploads\/2017\/06\/SINEPE_BASICO_2017-2019.pdf\">Conven\u00e7\u00e3o SINEPE B\u00e1sico 2017-2019<\/a><\/li>\n<li><a href=\"http:\/\/sinpro-al.com.br\/v2\/wp-content\/uploads\/2017\/06\/SINEPE-AL_2015-2017.pdf\">Conven\u00e7\u00e3o SINEPE-AL 2015-2017<\/a><\/li>\n<li><a href=\"http:\/\/sinpro-al.com.br\/v2\/wp-content\/uploads\/2017\/06\/SINEPE-AL_2017-2019.pdf\">Conven\u00e7\u00e3o SINEPE-AL 2017-2019<\/a><\/li>\n<li><a href=\"http:\/\/sinpro-al.com.br\/v2\/wp-content\/uploads\/2018\/12\/DOC-EDU.pdf\">Conven\u00e7\u00e3o Coletiva Superior 2018 &#8211; 2020<\/a><\/li>\n<li><a href=\"http:\/\/sinpro-al.com.br\/v2\/wp-content\/uploads\/2018\/12\/Digitaliza\u00e7\u00e3o-11-de-dez-de-2018-12_21.pdf\">Termo aditivo \u00e0 Conven\u00e7\u00e3o Coletiva 2017-2019 &#8211; SINEPE<\/a><\/li>\n<li><a href=\"http:\/\/sinpro-al.com.br\/v2\/wp-content\/uploads\/2020\/01\/Conven\u00e7\u00e3o-coletiva-SINEPE-B\u00c1SICO-2019-2021.pdf\">Conven\u00e7\u00e3o coletiva SINEPE B\u00c1SICO 2019-2021<\/a><\/li>\n<li><a href=\"http:\/\/sinpro-al.com.br\/v2\/wp-content\/uploads\/2020\/01\/Conven\u00e7\u00e3o-coletiva-SINEPE-ALAGOAS-2019-2021.pdf\">Conven\u00e7\u00e3o coletiva SINEPE ALAGOAS 2019-2021<\/a><\/li>\n<li><a href=\"http:\/\/sinpro-al.com.br\/v2\/wp-content\/uploads\/2021\/03\/Conven\u00e7\u00e3o-Coletiva-de-Trabalho-2021-2023-SINEPE.-AL.pdf\">Conven\u00e7\u00e3o Coletiva de Trabalho 2021-2023 &#8211; SINEPE. AL<\/a><\/li>\n<li><a href=\"http:\/\/sinpro-al.com.br\/v2\/wp-content\/uploads\/2021\/03\/Primeiro-Termo-Aditivo-a-Conven\u00e7\u00e3o-Coletiva-de-Trabalho-2021-2023-SENEPE.AL_.pdf\">Primeiro Termo Aditivo a Conven\u00e7\u00e3o Coletiva de Trabalho 2021-2023 &#8211; SENEPE.AL<\/a><\/li>\n<li><a href=\"http:\/\/sinpro-al.com.br\/v2\/wp-content\/uploads\/2021\/03\/Quarto-Termo-Aditivo-\u00e0-Conven\u00e7\u00e3o-Coletiva-de-Trabalho-2019-2021-SINEPE-.-AL.pdf\">Quarto Termo Aditivo \u00e0 Conven\u00e7\u00e3o Coletiva de Trabalho 2019-2021 &#8211; SINEPE . AL<\/a><\/li>\n<li><a href=\"http:\/\/sinpro-al.com.br\/v2\/wp-content\/uploads\/2021\/03\/Conven\u00e7\u00e3o-Coletiva-de-Trabalho-2021-2023-SINEPE.-B\u00e1sico.pdf\">Conven\u00e7\u00e3o Coletiva de Trabalho 2021-2023 &#8211; SINEPE. B\u00e1sico<\/a><\/li>\n<li><a href=\"http:\/\/sinpro-al.com.br\/v2\/wp-content\/uploads\/2021\/03\/Primeiro-Termo-Aditivo-a-Conven\u00e7\u00e3o-Coletiva-de-Trabalho-2021-2023-SENEPE-B\u00e1sico.pdf\">Primeiro Termo Aditivo a Conven\u00e7\u00e3o Coletiva de Trabalho 2021-2023 &#8211; SENEPE B\u00e1sico<\/a><\/li>\n<li><a href=\"http:\/\/sinpro-al.com.br\/v2\/wp-content\/uploads\/2021\/03\/Quarto-Termo-Aditivo-\u00e0-Conven\u00e7\u00e3o-Coletiva-de-Trabalho-2019-2021-SINEPE-B\u00e1sico.pdf\">Quarto Termo Aditivo \u00e0 Conven\u00e7\u00e3o Coletiva de Trabalho 2019-2021 &#8211; SINEPE B\u00e1sico<\/a><\/li>\n<li><a href=\"http:\/\/sinpro-al.com.br\/v2\/wp-content\/uploads\/2022\/03\/Terceiro-Termo-Aditivo-\u00e0-Conven\u00e7\u00e3o-Coletiva-de-Trabalho-201-2023-SINEPE-B\u00c1SICO.pdf\">Terceiro Termo Aditivo \u00e0 Conven\u00e7\u00e3o Coletiva de Trabalho 2021-2023 &#8211; SINEPE B\u00c1SICO<\/a><\/li>\n<li><a href=\"http:\/\/sinpro-al.com.br\/v2\/wp-content\/uploads\/2022\/03\/Terceiro-Termo-Aditivo-\u00e0-Conven\u00e7\u00e3o-Coletiva-de-Trabalho-201-2023-SINEPE-AL.pdf\">Terceiro Termo Aditivo \u00e0 Conven\u00e7\u00e3o Coletiva de Trabalho 2021-2023 &#8211; SINEPE AL<\/a><\/li>\n<li><a href=\"http:\/\/sinpro-al.com.br\/v2\/wp-content\/uploads\/2022\/10\/QUARTO-TERMO-ADITIVO-\u00c0-CCT-2021-2023-SINEPE-B\u00c1SICO.pdf\">QUARTO TERMO ADITIVO \u00c0 CCT 2021-2023 &#8211; SINEPE B\u00c1SICO<\/a><\/li>\n<li><a href=\"http:\/\/sinpro-al.com.br\/v2\/wp-content\/uploads\/2022\/10\/QUARTO-TERMO-ADITIVO-\u00c0-CCT-2021-2023-SINEPE-AL.pdf\">QUARTO TERMO ADITIVO \u00c0 CCT 2021-2023 &#8211; SINEPE-AL<\/a><\/li>\n<li><a href=\"http:\/\/sinpro-al.com.br\/v2\/wp-content\/uploads\/2023\/06\/Documento_074261b-2-17.pdf\">Conven\u00e7\u00e3o coletiva de trabalho 2023-2025<\/a><\/li>\n<li><a href=\"http:\/\/sinpro-al.com.br\/v2\/wp-content\/uploads\/2024\/04\/SEGUNDO-TERMO-ADITIVO-CCT-2023-2025-SINEPE-AL.pdf\">SEGUNDO TERMO ADITIVO CCT 2023-2025 SINEPE-AL<\/a><\/li>\n<li><a href=\"http:\/\/sinpro-al.com.br\/v2\/wp-content\/uploads\/2024\/04\/SEGUNDO-TERMO-ADITIVO-CCT-2023-2025-SINEPE-BASICO.pdf\">SEGUNDO TERMO ADITIVO CCT 2023-2025 SINEPE B\u00c1SICO<\/a><\/li>\n<li><a href=\"http:\/\/sinpro-al.com.br\/v2\/wp-content\/uploads\/2025\/05\/Convencao-Coletiva-de-Trabalho-2025.2027-SINEPE.AL_.pdf\">Conven\u00e7\u00e3o Coletiva de Trabalho 2025.2027 &#8211; SINEPE.AL<\/a><\/li>\n<li><a href=\"http:\/\/sinpro-al.com.br\/v2\/wp-content\/uploads\/2025\/05\/Convencao-Coletiva-de-Trabalho-2025.2027-SINEPE-BASICO.pdf\">Conven\u00e7\u00e3o Coletiva de Trabalho 2025.2027 &#8211; SINEPE B\u00c1SICO<\/a><\/li>\n<\/ul>\n\n\n<p><\/p>\n","protected":false},"excerpt":{"rendered":"<p>Conven\u00e7\u00e3o coletiva de trabalho 2013-2015 Conven\u00e7\u00e3o N\u00edvel Superior 2014-2016 Conven\u00e7\u00e3o N\u00edvel Superior 2016-2018 Conven\u00e7\u00e3o SINEPE B\u00e1sico 2015-2017 Conven\u00e7\u00e3o SINEPE B\u00e1sico 2017-2019 Conven\u00e7\u00e3o SINEPE-AL 2015-2017 Conven\u00e7\u00e3o SINEPE-AL 2017-2019 Conven\u00e7\u00e3o Coletiva Superior 2018 &#8211; 2020 Termo aditivo \u00e0 Conven\u00e7\u00e3o Coletiva 2017-2019 &#8211; SINEPE Conven\u00e7\u00e3o coletiva SINEPE B\u00c1SICO 2019-2021 Conven\u00e7\u00e3o coletiva SINEPE ALAGOAS 2019-2021 Conven\u00e7\u00e3o Coletiva de Trabalho [&hellip;]<\/p>\n","protected":false},"author":1,"featured_media":0,"parent":120,"menu_order":0,"comment_status":"open","ping_status":"open","template":"","meta":{"footnotes":""},"class_list":["post-118","page","type-page","status-publish","hentry"],"_links":{"self":[{"href":"http:\/\/sinpro-al.com.br\/v2\/index.php?rest_route=\/wp\/v2\/pages\/118","targetHints":{"allow":["GET"]}}],"collection":[{"href":"http:\/\/sinpro-al.com.br\/v2\/index.php?rest_route=\/wp\/v2\/pages"}],"about":[{"href":"http:\/\/sinpro-al.com.br\/v2\/index.php?rest_route=\/wp\/v2\/types\/page"}],"author":[{"embeddable":true,"href":"http:\/\/sinpro-al.com.br\/v2\/index.php?rest_route=\/wp\/v2\/users\/1"}],"replies":[{"embeddable":true,"href":"http:\/\/sinpro-al.com.br\/v2\/index.php?rest_route=%2Fwp%2Fv2%2Fcomments&post=118"}],"version-history":[{"count":21,"href":"http:\/\/sinpro-al.com.br\/v2\/index.php?rest_route=\/wp\/v2\/pages\/118\/revisions"}],"predecessor-version":[{"id":5809,"href":"http:\/\/sinpro-al.com.br\/v2\/index.php?rest_route=\/wp\/v2\/pages\/118\/revisions\/5809"}],"up":[{"embeddable":true,"href":"http:\/\/sinpro-al.com.br\/v2\/index.php?rest_route=\/wp\/v2\/pages\/120"}],"wp:attachment":[{"href":"http:\/\/sinpro-al.com.br\/v2\/index.php?rest_route=%2Fwp%2Fv2%2Fmedia&parent=118"}],"curies":[{"name":"wp","href":"https:\/\/api.w.org\/{rel}","templated":true}]}}